{"id":19116,"date":"2023-09-22T12:16:26","date_gmt":"2023-09-22T15:16:26","guid":{"rendered":"https:\/\/ceteg.org.br\/ceteg-cursos\/?post_type=product&#038;p=19116"},"modified":"2024-04-02T12:32:50","modified_gmt":"2024-04-02T15:32:50","slug":"capelania-evangelica","status":"publish","type":"product","link":"https:\/\/ceteg.org.br\/ceteg-cursos\/produto\/capelania-evangelica\/","title":{"rendered":"Capelania Evang\u00e9lica"},"content":{"rendered":"<p>A Capelania \u00e9 uma atividade antigu\u00edssima. Foi desenvolvida desde os prim\u00f3rdios da vida em comunidade. Por\u00e9m, a hist\u00f3ria como conhecemos em nossos dias, tem sua origem na pessoa de S. Martinho de Tours.<\/p>\n<p>Trata-se do exerc\u00edcio do minist\u00e9rio de socorro e de miseric\u00f3rdia. Um trabalho de assist\u00eancia espiritual e ajuda humanit\u00e1ria, revestido de empatia e solidariedade, confortando e consolando todos aqueles que necessitam de uma m\u00e3o amiga em qualquer hora e em qualquer dia.<\/p>\n<p>O curso tem material de apoio, 4 aulas em v\u00eddeo, certificado e crach\u00e1 ao final do curso.<\/p>\n","protected":false},"excerpt":{"rendered":"<p>A Capelania \u00e9 uma atividade antigu\u00edssima. Foi desenvolvida desde os prim\u00f3rdios da vida em comunidade. Por\u00e9m, a hist\u00f3ria como conhecemos em nossos dias, tem sua origem na pessoa de S. Martinho de Tours. Trata-se do exerc\u00edcio do minist\u00e9rio de socorro e de miseric\u00f3rdia. Um trabalho de assist\u00eancia espiritual e ajuda humanit\u00e1ria, revestido de empatia e <\/p>\n","protected":false},"featured_media":18062,"template":"","meta":{"_acf_changed":false},"product_brand":[],"product_cat":[94],"product_tag":[],"class_list":{"0":"post-19116","1":"product","2":"type-product","3":"status-publish","4":"has-post-thumbnail","6":"product_cat-curso","8":"first","9":"instock","10":"virtual","11":"sold-individually","12":"purchasable","13":"product-type-course"},"acf":[],"_links":{"self":[{"href":"https:\/\/ceteg.org.br\/ceteg-cursos\/wp-json\/wp\/v2\/product\/19116","targetHints":{"allow":["GET"]}}],"collection":[{"href":"https:\/\/ceteg.org.br\/ceteg-cursos\/wp-json\/wp\/v2\/product"}],"about":[{"href":"https:\/\/ceteg.org.br\/ceteg-cursos\/wp-json\/wp\/v2\/types\/product"}],"wp:featuredmedia":[{"embeddable":true,"href":"https:\/\/ceteg.org.br\/ceteg-cursos\/wp-json\/wp\/v2\/media\/18062"}],"wp:attachment":[{"href":"https:\/\/ceteg.org.br\/ceteg-cursos\/wp-json\/wp\/v2\/media?parent=19116"}],"wp:term":[{"taxonomy":"product_brand","embeddable":true,"href":"https:\/\/ceteg.org.br\/ceteg-cursos\/wp-json\/wp\/v2\/product_brand?post=19116"},{"taxonomy":"product_cat","embeddable":true,"href":"https:\/\/ceteg.org.br\/ceteg-cursos\/wp-json\/wp\/v2\/product_cat?post=19116"},{"taxonomy":"product_tag","embeddable":true,"href":"https:\/\/ceteg.org.br\/ceteg-cursos\/wp-json\/wp\/v2\/product_tag?post=19116"}],"curies":[{"name":"wp","href":"https:\/\/api.w.org\/{rel}","templated":true}]}}