{"id":4747,"date":"2022-09-21T15:03:51","date_gmt":"2022-09-21T15:03:51","guid":{"rendered":"https:\/\/ceteg.org.br\/ceteg-on\/?page_id=4747"},"modified":"2022-09-21T15:03:51","modified_gmt":"2022-09-21T15:03:51","slug":"historico-ceteg","status":"publish","type":"page","link":"https:\/\/ceteg.org.br\/ceteg-cursos\/historico-ceteg\/","title":{"rendered":"Hist\u00f3rico CETEG"},"content":{"rendered":"\t\t<div data-elementor-type=\"wp-page\" data-elementor-id=\"4747\" class=\"elementor elementor-4747\" data-elementor-post-type=\"page\">\n\t\t\t\t\t\t<section class=\"elementor-section elementor-top-section elementor-element elementor-element-61fb0f6 elementor-section-boxed elementor-section-height-default elementor-section-height-default\" data-id=\"61fb0f6\" data-element_type=\"section\">\n\t\t\t\t\t\t<div class=\"elementor-container elementor-column-gap-default\">\n\t\t\t\t\t<div class=\"elementor-column elementor-col-100 elementor-top-column elementor-element elementor-element-34e6531\" data-id=\"34e6531\" data-element_type=\"column\">\n\t\t\t<div class=\"elementor-widget-wrap elementor-element-populated\">\n\t\t\t\t\t\t<div class=\"elementor-element elementor-element-7976992 elementor-widget elementor-widget-heading\" data-id=\"7976992\" data-element_type=\"widget\" data-widget_type=\"heading.default\">\n\t\t\t\t<div class=\"elementor-widget-container\">\n\t\t\t\t\t<h1 class=\"elementor-heading-title elementor-size-default\">RESUMO HIST\u00d3RICO DO CENTRO DE ESTUDOS TEOL\u00d3GICOS DO GUAR\u00c1 \u2013 CETEG<\/h1>\t\t\t\t<\/div>\n\t\t\t\t<\/div>\n\t\t\t\t\t<\/div>\n\t\t<\/div>\n\t\t\t\t\t<\/div>\n\t\t<\/section>\n\t\t\t\t<section class=\"elementor-section elementor-top-section elementor-element elementor-element-bcfc0e5 elementor-section-boxed elementor-section-height-default elementor-section-height-default\" data-id=\"bcfc0e5\" data-element_type=\"section\">\n\t\t\t\t\t\t<div class=\"elementor-container elementor-column-gap-default\">\n\t\t\t\t\t<div class=\"elementor-column elementor-col-100 elementor-top-column elementor-element elementor-element-f541b76\" data-id=\"f541b76\" data-element_type=\"column\">\n\t\t\t<div class=\"elementor-widget-wrap elementor-element-populated\">\n\t\t\t\t\t\t<div class=\"elementor-element elementor-element-2761dfa elementor-widget elementor-widget-eCademy_Our_Story_Area\" data-id=\"2761dfa\" data-element_type=\"widget\" data-widget_type=\"eCademy_Our_Story_Area.default\">\n\t\t\t\t<div class=\"elementor-widget-container\">\n\t\t\t\t\t        <div class=\"our-story-area ptb-100\">\r\n            <div class=\"container\">\r\n                <div class=\"row\">\r\n                                                                        <div class=\"col-lg-4 col-md-12\">\r\n                                <div class=\"our-story-title\">\r\n                                    <h3><span class=\"number\"><\/span> 2000<\/h3>\r\n                                <\/div>\r\n                            <\/div>\r\n                            <div class=\"col-lg-8 col-md-12\">\r\n                                <div class=\"our-story-content\">\r\n                                    Nos idos do ano 2000, estando j\u00e1 h\u00e1 quatro anos, na dire\u00e7\u00e3o da Congrega\u00e7\u00e3o das Assembleias de Deus, do ent\u00e3o, Campo Nacional do Guar\u00e1, senti a grande necessidade de obreiros para fazer frente \u00e0 not\u00e1vel expans\u00e3o daquele trabalho.\nFoi ent\u00e3o que apoiado e motivado pelos obreiros existentes, que eram poucos, criamos um curso interno para dirigentes de congrega\u00e7\u00f5es do Guar\u00e1 II, ao qual denominamos DIRG\/II. \n\n                                <\/div>\r\n                            <\/div>\r\n                                                                                                <div class=\"col-lg-4 col-md-12\">\r\n                                <div class=\"our-story-title\">\r\n                                    <h3><span class=\"number\"><\/span> <\/h3>\r\n                                <\/div>\r\n                            <\/div>\r\n                            <div class=\"col-lg-8 col-md-12\">\r\n                                <div class=\"our-story-content\">\r\n                                    Foi grande o entusiasmo de irm\u00e3os e irm\u00e3s no frequentar daquelas aulas presenciais, preparando-se, para dirigir congrega\u00e7\u00f5es que eram abertas, uma em seguida \u00e0 outra, nos v\u00e1rios assentamentos populares, que davam a nossa capital um crescimento exponencial, e era dever da igreja acompanhar.                                <\/div>\r\n                            <\/div>\r\n                                                                                                <div class=\"col-lg-4 col-md-12\">\r\n                                <div class=\"our-story-title\">\r\n                                    <h3><span class=\"number\"><\/span> 2005<\/h3>\r\n                                <\/div>\r\n                            <\/div>\r\n                            <div class=\"col-lg-8 col-md-12\">\r\n                                <div class=\"our-story-content\">\r\n                                    Em 2005, j\u00e1 com v\u00e1rias congrega\u00e7\u00f5es, nas quais cont\u00e1vamos com valorosos cooperadores, como tamb\u00e9m na igreja sede do campo que est\u00e1 na Quadra 30 do Guar\u00e1 II, destaque-se o ent\u00e3o Evangelista HEBER MACHADO,\n \ngrande entusiasta do crescimento do Reino de Deus, o qual na dire\u00e7\u00e3o do Esp\u00edrito de Deus, n\u00e3o s\u00f3 sugeriu-me, mas empenhou sua compet\u00eancia para expandirmos o DIRG\/II, e assim nasceu o CENTRO DE ESTUDOS TEOL\u00d3GICOS DO GUAR\u00c1, que \u00e9 hoje uma ferramenta de ajuda para expans\u00e3o do Campo do Guar\u00e1 II, Minist\u00e9rio Internacional do Guar\u00e1, que o reconhece como curso de habilita\u00e7\u00e3o para ordena\u00e7\u00e3o de obreiros para todo o Minist\u00e9rio.\n                                <\/div>\r\n                            <\/div>\r\n                                                                                                <div class=\"col-lg-4 col-md-12\">\r\n                                <div class=\"our-story-title\">\r\n                                    <h3><span class=\"number\"><\/span> <\/h3>\r\n                                <\/div>\r\n                            <\/div>\r\n                            <div class=\"col-lg-8 col-md-12\">\r\n                                <div class=\"our-story-content\">\r\n                                    Portanto, \u00e9 com grande satisfa\u00e7\u00e3o que lhes apresento o novo CETEG, que hoje se servindo do avan\u00e7o tecnol\u00f3gico e de um quadro de professores de alto n\u00edvel de compet\u00eancia e compromisso com a palavra do Mestre Jesus, e um quadro paralelo de irm\u00e3os e irm\u00e3s tamb\u00e9m compromissados com o Mestre, e, que tamb\u00e9m trabalham no apoio.                                <\/div>\r\n                            <\/div>\r\n                                                                                                <div class=\"col-lg-4 col-md-12\">\r\n                                <div class=\"our-story-title\">\r\n                                    <h3><span class=\"number\"><\/span> <\/h3>\r\n                                <\/div>\r\n                            <\/div>\r\n                            <div class=\"col-lg-8 col-md-12\">\r\n                                <div class=\"our-story-content\">\r\n                                    Bem-vindos ao agora: \u201cCETEG ON\u201d, Curso de Teologia, em n\u00edvel m\u00e9dio, com vinte disciplinas.\n\n                                <\/div>\r\n                            <\/div>\r\n                                                                                                <div class=\"col-lg-4 col-md-12\">\r\n                                <div class=\"our-story-title\">\r\n                                    <h3><span class=\"number\"><\/span> <\/h3>\r\n                                <\/div>\r\n                            <\/div>\r\n                            <div class=\"col-lg-8 col-md-12\">\r\n                                <div class=\"our-story-content\">\r\n                                    Pr Dernival Lopes Diretor                                <\/div>\r\n                            <\/div>\r\n                                                            <\/div>\r\n            <\/div>\r\n        <\/div>\r\n        \t\t\t\t<\/div>\n\t\t\t\t<\/div>\n\t\t\t\t\t<\/div>\n\t\t<\/div>\n\t\t\t\t\t<\/div>\n\t\t<\/section>\n\t\t\t\t<\/div>\n\t\t","protected":false},"excerpt":{"rendered":"<p>RESUMO HIST\u00d3RICO DO CENTRO DE ESTUDOS TEOL\u00d3GICOS DO GUAR\u00c1 \u2013 CETEG 2000 Nos idos do ano 2000, estando j\u00e1 h\u00e1 quatro anos, na dire\u00e7\u00e3o da Congrega\u00e7\u00e3o das Assembleias de Deus, do ent\u00e3o, Campo Nacional do Guar\u00e1, senti a grande necessidade de obreiros para fazer frente \u00e0 not\u00e1vel expans\u00e3o daquele trabalho. Foi ent\u00e3o que apoiado e <\/p>\n","protected":false},"author":1,"featured_media":0,"parent":0,"menu_order":0,"comment_status":"closed","ping_status":"closed","template":"","meta":{"_acf_changed":false,"footnotes":""},"class_list":["post-4747","page","type-page","status-publish","hentry"],"acf":[],"_links":{"self":[{"href":"https:\/\/ceteg.org.br\/ceteg-cursos\/wp-json\/wp\/v2\/pages\/4747","targetHints":{"allow":["GET"]}}],"collection":[{"href":"https:\/\/ceteg.org.br\/ceteg-cursos\/wp-json\/wp\/v2\/pages"}],"about":[{"href":"https:\/\/ceteg.org.br\/ceteg-cursos\/wp-json\/wp\/v2\/types\/page"}],"author":[{"embeddable":true,"href":"https:\/\/ceteg.org.br\/ceteg-cursos\/wp-json\/wp\/v2\/users\/1"}],"replies":[{"embeddable":true,"href":"https:\/\/ceteg.org.br\/ceteg-cursos\/wp-json\/wp\/v2\/comments?post=4747"}],"version-history":[{"count":0,"href":"https:\/\/ceteg.org.br\/ceteg-cursos\/wp-json\/wp\/v2\/pages\/4747\/revisions"}],"wp:attachment":[{"href":"https:\/\/ceteg.org.br\/ceteg-cursos\/wp-json\/wp\/v2\/media?parent=4747"}],"curies":[{"name":"wp","href":"https:\/\/api.w.org\/{rel}","templated":true}]}}