{"id":30,"date":"2020-05-02T07:33:55","date_gmt":"2020-05-02T07:33:55","guid":{"rendered":"https:\/\/ceteg.org.br\/ceteg-on\/?page_id=30"},"modified":"2024-04-02T13:27:35","modified_gmt":"2024-04-02T16:27:35","slug":"elearning-school","status":"publish","type":"page","link":"https:\/\/ceteg.org.br\/ceteg-cursos\/","title":{"rendered":"Ceteg Cursos"},"content":{"rendered":"\t\t<div data-elementor-type=\"wp-page\" data-elementor-id=\"30\" class=\"elementor elementor-30\" data-elementor-post-type=\"page\">\n\t\t\t\t\t\t<div class=\"elementor-section elementor-top-section elementor-element elementor-element-0df3277 elementor-section-full_width elementor-section-height-default elementor-section-height-default\" data-id=\"0df3277\" data-element_type=\"section\">\n\t\t\t\t\t\t<div class=\"elementor-container elementor-column-gap-no\">\n\t\t\t\t\t<div class=\"elementor-column elementor-col-100 elementor-top-column elementor-element elementor-element-6c51b95\" data-id=\"6c51b95\" data-element_type=\"column\">\n\t\t\t<div class=\"elementor-widget-wrap elementor-element-populated\">\n\t\t\t\t\t\t<div class=\"elementor-element elementor-element-3ee7c2b elementor-widget elementor-widget-eCademy_Banner_One\" data-id=\"3ee7c2b\" data-element_type=\"widget\" data-widget_type=\"eCademy_Banner_One.default\">\n\t\t\t\t<div class=\"elementor-widget-container\">\n\t\t\t\t\t            <div class=\"main-banner\" style=\"background-image:url(https:\/\/ceteg.org.br\/ceteg-cursos\/wp-content\/uploads\/sites\/11\/2024\/03\/AbbW2yU-e1710423959637.webp);\">\r\n                <div class=\"container-fluid\">\r\n                    <div class=\"row align-items-center\">\r\n                        <div class=\"col-lg-6 col-md-12\">\r\n                            <div class=\"main-banner-content\">\r\n                                <h1 >\r\n                                    Porque sabemos o valor de uma alma                                <\/h1>\r\n\r\n                                <p >\n<\/p>\r\n\r\n                                                                    <a href=\"https:\/\/ceteg.org.br\/ceteg-cursos\/courses\/capelania\/\" class=\"default-btn\"><i class=\"fa fa-eye\"><\/i>VER O CURSO<span><\/span><\/a>\r\n                                                            <\/div>\r\n                        <\/div>\r\n\r\n                        <div class=\"col-lg-6 col-md-12\">\r\n                            <div class=\"main-banner-courses-list\">\r\n                                <div class=\"row\">\r\n                                                                                                                        <div class=\"col-lg-6 col-md-6\">\r\n                                                                                                                                                    <div class=\"single-courses-box\">\r\n                                                        <div class=\"courses-image\">\r\n                                                            <a href=\"https:\/\/ceteg.org.br\/ceteg-cursos\/courses\/capelania\/\" class=\"d-block image\">\r\n                                                                                                                                    <img sm-src=\"https:\/\/ceteg.org.br\/ceteg-cursos\/wp-content\/uploads\/sites\/11\/2022\/11\/course-5.jpg\" alt=\"\">\r\n                                                                                                                            <\/a>\r\n\r\n                                                            <div class=\"price shadow\">Matricule-se agora<\/div>\r\n\r\n                                                        <\/div>\r\n                                                        <div class=\"courses-content\">\r\n                                                            <div class=\"course-author d-flex align-items-center\">\r\n                                                                                                                                <img decoding=\"async\" src=\"https:\/\/ceteg.org.br\/ceteg-cursos\/wp-content\/plugins\/ld-dashboard\/public\/img\/img_avatar.png\" class=\"rounded-circle\" alt=\"CETEG\">\r\n                                                                <span>CETEG<\/span>\r\n                                                            <\/div>\r\n\r\n                                                            <h3><a href=\"https:\/\/ceteg.org.br\/ceteg-cursos\/courses\/capelania\/\">Capelania Evang\u00e9lica<\/a><\/h3>\r\n                                                                                                                        <p>Carga hor\u00e1ria: 20 h\/a O Aluno poder\u00e1 escolher o hor\u00e1rio que melhor lhe conv\u00e9m...<\/p>\r\n                                                            <a class=\"ld-enroll-btn\" href=\"https:\/\/ceteg.org.br\/ceteg-cursos\/courses\/capelania\/\">Inscreva-se agora<\/a>\r\n\r\n                                                        <\/div>\r\n                                                    <\/div>\r\n                                                                                                                                            <\/div>\r\n                                        \r\n                                                                                                            <\/div>\r\n\r\n                                \r\n                                \r\n                                                            <\/div>\r\n                        <\/div>\r\n                    <\/div>\r\n                <\/div>\r\n            <\/div>\r\n            \t\t\t\t<\/div>\n\t\t\t\t<\/div>\n\t\t\t\t\t<\/div>\n\t\t<\/div>\n\t\t\t\t\t<\/div>\n\t\t<\/div>\n\t\t\t\t<section class=\"elementor-section elementor-top-section elementor-element elementor-element-58b75db elementor-section-full_width elementor-section-height-default elementor-section-height-default\" data-id=\"58b75db\" data-element_type=\"section\" data-settings=\"{&quot;background_background&quot;:&quot;classic&quot;,&quot;shape_divider_top&quot;:&quot;mountains&quot;}\">\n\t\t\t\t\t\t\t<div class=\"elementor-background-overlay\"><\/div>\n\t\t\t\t\t\t<div class=\"elementor-shape elementor-shape-top\" aria-hidden=\"true\" data-negative=\"false\">\n\t\t\t<svg xmlns=\"http:\/\/www.w3.org\/2000\/svg\" viewBox=\"0 0 1000 100\" preserveAspectRatio=\"none\">\n\t<path class=\"elementor-shape-fill\" opacity=\"0.33\" d=\"M473,67.3c-203.9,88.3-263.1-34-320.3,0C66,119.1,0,59.7,0,59.7V0h1000v59.7 c0,0-62.1,26.1-94.9,29.3c-32.8,3.3-62.8-12.3-75.8-22.1C806,49.6,745.3,8.7,694.9,4.7S492.4,59,473,67.3z\"\/>\n\t<path class=\"elementor-shape-fill\" opacity=\"0.66\" d=\"M734,67.3c-45.5,0-77.2-23.2-129.1-39.1c-28.6-8.7-150.3-10.1-254,39.1 s-91.7-34.4-149.2,0C115.7,118.3,0,39.8,0,39.8V0h1000v36.5c0,0-28.2-18.5-92.1-18.5C810.2,18.1,775.7,67.3,734,67.3z\"\/>\n\t<path class=\"elementor-shape-fill\" d=\"M766.1,28.9c-200-57.5-266,65.5-395.1,19.5C242,1.8,242,5.4,184.8,20.6C128,35.8,132.3,44.9,89.9,52.5C28.6,63.7,0,0,0,0 h1000c0,0-9.9,40.9-83.6,48.1S829.6,47,766.1,28.9z\"\/>\n<\/svg>\t\t<\/div>\n\t\t\t\t\t<div class=\"elementor-container elementor-column-gap-default\">\n\t\t\t\t\t<div class=\"elementor-column elementor-col-100 elementor-top-column elementor-element elementor-element-3800766\" data-id=\"3800766\" data-element_type=\"column\">\n\t\t\t<div class=\"elementor-widget-wrap elementor-element-populated\">\n\t\t\t\t\t\t<div class=\"elementor-element elementor-element-22857cb e-transform elementor-widget elementor-widget-Distance_Learning\" data-id=\"22857cb\" data-element_type=\"widget\" data-settings=\"{&quot;_animation&quot;:&quot;none&quot;,&quot;_transform_skewX_effect&quot;:{&quot;unit&quot;:&quot;px&quot;,&quot;size&quot;:&quot;&quot;,&quot;sizes&quot;:[]},&quot;_transform_skewX_effect_tablet&quot;:{&quot;unit&quot;:&quot;deg&quot;,&quot;size&quot;:&quot;&quot;,&quot;sizes&quot;:[]},&quot;_transform_skewX_effect_mobile&quot;:{&quot;unit&quot;:&quot;deg&quot;,&quot;size&quot;:&quot;&quot;,&quot;sizes&quot;:[]},&quot;_transform_skewY_effect&quot;:{&quot;unit&quot;:&quot;px&quot;,&quot;size&quot;:&quot;&quot;,&quot;sizes&quot;:[]},&quot;_transform_skewY_effect_tablet&quot;:{&quot;unit&quot;:&quot;deg&quot;,&quot;size&quot;:&quot;&quot;,&quot;sizes&quot;:[]},&quot;_transform_skewY_effect_mobile&quot;:{&quot;unit&quot;:&quot;deg&quot;,&quot;size&quot;:&quot;&quot;,&quot;sizes&quot;:[]}}\" data-widget_type=\"Distance_Learning.default\">\n\t\t\t\t<div class=\"elementor-widget-container\">\n\t\t\t\t\t                    <div class=\"about-area bg-fef8ef ptb-100\">\r\n                <div class=\"container\">\r\n                    <div class=\"row align-items-center\">\r\n                        <div class=\"col-lg-6 col-md-12\">\r\n                            <div class=\"about-image\">\r\n                                <div class=\"row\">\r\n                                                                            <div class=\"col-lg-6 col-sm-6 col-md-6 col-6\">\r\n                                            <div class=\"image wow fadeInLeft\">\r\n                                                                                                    <img sm-src=\"http:\/\/ceteg.org.br\/wp-content\/uploads\/sites\/8\/2020\/05\/about-img4.png\" alt=\"About Us\">\r\n                                                                                            <\/div>\r\n                                        <\/div>\r\n                                    \r\n                                                                            <div class=\"col-lg-6 col-sm-6 col-md-6 col-6\">\r\n                                            <div class=\"image wow fadeInDown\">\r\n                                                                                                    <img sm-src=\"http:\/\/ceteg.org.br\/wp-content\/uploads\/sites\/8\/2020\/05\/about-img2.png\" alt=\"About Us\">\r\n                                                                                            <\/div>\r\n                                        <\/div>\r\n                                    \r\n                                                                            <div class=\"col-lg-6 col-sm-6 col-md-6 col-6\">\r\n                                            <div class=\"image wow fadeInUp\">\r\n                                                                                                    <img sm-src=\"http:\/\/ceteg.org.br\/wp-content\/uploads\/sites\/8\/2020\/05\/woman-with-book.png\" alt=\"About Us\">\r\n                                                                                            <\/div>\r\n                                        <\/div>\r\n                                    \r\n                                                                            <div class=\"col-lg-6 col-sm-6 col-md-6 col-6\">\r\n                                            <div class=\"image wow fadeInRight\">\r\n                                                                                                    <img sm-src=\"http:\/\/ceteg.org.br\/wp-content\/uploads\/sites\/8\/2020\/05\/about-img1.png\" alt=\"About Us\">\r\n                                                                                            <\/div>\r\n                                        <\/div>\r\n                                                                    <\/div>\r\n                            <\/div>\r\n                        <\/div>\r\n\r\n                        <div class=\"col-lg-6 col-md-12\">\r\n                            <div class=\"about-content\">\r\n                                <span class=\"sub-title\">Aprendizagem online<\/span>\r\n                                <h2 >Desenvolva suas habilidades, aprenda algo novo e desenvolva suas habilidades de qualquer lugar do mundo!<\/h2>\r\n                                <p ><\/p>\r\n                                <ul class=\"features-list\">\r\n                                                                            <li><span><i class=\"flaticon-experience\"><\/i> Instrutor especialista<\/span><\/li>\r\n                                                                            <li><span><i class=\"flaticon-time-left\"><\/i> Acesso por 12 meses<\/span><\/li>\r\n                                                                            <li><span><i class=\"flaticon-tutorials\"><\/i> Aprendizado Remoto<\/span><\/li>\r\n                                                                            <li><span><i class=\"flaticon-self-growth\"><\/i> Auto desenvolvimento<\/span><\/li>\r\n                                                                    <\/ul>\r\n\r\n                                                                    <a href=\"https:\/\/ceteg.org.br\/ceteg-cursos\/courses\/capelania\/\" class=\"default-btn\"><i class=\"flaticon-user\"><\/i>VER CURSO<span><\/span><\/a>\r\n                                \r\n                            <\/div>\r\n                        <\/div>\r\n                    <\/div>\r\n                <\/div>\r\n\r\n                \r\n                \r\n                \r\n                            <\/div>\r\n                \t\t\t\t<\/div>\n\t\t\t\t<\/div>\n\t\t\t\t<div class=\"elementor-element elementor-element-b82d0a9 elementor-widget elementor-widget-Instant_Courses_Area\" data-id=\"b82d0a9\" data-element_type=\"widget\" data-widget_type=\"Instant_Courses_Area.default\">\n\t\t\t\t<div class=\"elementor-widget-container\">\n\t\t\t\t\t                    <div class=\"get-instant-courses-area\">\r\n                <div class=\"container\">\r\n                    <div class=\"get-instant-courses-inner-area\">\r\n                        <div class=\"row align-items-center\">\r\n                            <div class=\"col-lg-8 col-md-12\">\r\n                                <div class=\"get-instant-courses-content\">\r\n                                    <span class=\"sub-title\">Adquira o curso agora<\/span>\r\n                                    <h2 >CURSO DE CAPELANIA EVANG\u00c9LICA<\/h2>\r\n                                    <p >O curso \u00e9 composto de 4 aulas, Ao adquirir o curso voc\u00ea tem acesso a todas as aulas.\n\n<\/p>\r\n                                                                            <a href=\"https:\/\/ceteg.org.br\/ceteg-cursos\/courses\/capelania\/\" class=\"default-btn\"><i class=\"fa fa-address-book\"><\/i>ACESSAR O CURSO<span><\/span><\/a>\r\n                                                                    <\/div>\r\n                            <\/div>\r\n\r\n                            <div class=\"col-lg-4 col-md-12\">\r\n                                <div class=\"get-instant-courses-image\">\r\n                                                                                                                        <img sm-src=\"http:\/\/ceteg.org.br\/wp-content\/uploads\/sites\/8\/2020\/06\/about-img8.png\" alt=\"CURSO DE CAPELANIA EVANG\u00c9LICA\">\r\n                                                                            \r\n                                    \r\n                                                                    <\/div>\r\n                            <\/div>\r\n                        <\/div>\r\n\r\n                                            <\/div>\r\n                <\/div>\r\n            <\/div>\r\n                \t\t\t\t<\/div>\n\t\t\t\t<\/div>\n\t\t\t\t<div class=\"elementor-element elementor-element-a059507 elementor-widget elementor-widget-Instant_Courses_Area\" data-id=\"a059507\" data-element_type=\"widget\" data-widget_type=\"Instant_Courses_Area.default\">\n\t\t\t\t<div class=\"elementor-widget-container\">\n\t\t\t\t\t                    <div class=\"view-all-courses-area-three bg-fff8f8\">\r\n                <div class=\"container\">\r\n                    <div class=\"row align-items-center\">\r\n                        <div class=\"col-lg-6 col-md-12\">\r\n                            <div class=\"view-all-courses-image-style-two\">\r\n                                                                                                            <img sm-src=\"http:\/\/ceteg.org.br\/wp-content\/uploads\/sites\/8\/2020\/05\/banner-img1.png\" alt=\"RESUMO HIST\u00d3RICO DO CENTRO DE ESTUDOS TEOL\u00d3GICOS DO GUAR\u00c1 \u2013 CETEG\">\r\n                                                                                                <\/div>\r\n                        <\/div>\r\n\r\n                        <div class=\"col-lg-6 col-md-12\">\r\n                            <div class=\"view-all-courses-content-style-two\">\r\n                                <span class=\"sub-title\">CONHE\u00c7A A HIST\u00d3RIA DO CETEG<\/span>\r\n                                <h2 >RESUMO HIST\u00d3RICO DO CENTRO DE ESTUDOS TEOL\u00d3GICOS DO GUAR\u00c1 \u2013 CETEG<\/h2>\r\n                                <p >\n<\/p>\r\n                                                                    <a href=\"https:\/\/ceteg.org.br\/ceteg-cursos\/historico-ceteg\/\" class=\"default-btn\"><i class=\"fa fa-archive\"><\/i>VER HIST\u00d3RICO<span><\/span><\/a>\r\n                                                            <\/div>\r\n                        <\/div>\r\n                    <\/div>\r\n                <\/div>\r\n\r\n                            <\/div>\r\n                \t\t\t\t<\/div>\n\t\t\t\t<\/div>\n\t\t\t\t\t<\/div>\n\t\t<\/div>\n\t\t\t\t\t<\/div>\n\t\t<\/section>\n\t\t\t\t<section class=\"elementor-section elementor-top-section elementor-element elementor-element-416dc37 courses-area ptb-100 elementor-section-boxed elementor-section-height-default elementor-section-height-default\" data-id=\"416dc37\" data-element_type=\"section\">\n\t\t\t\t\t\t<div class=\"elementor-container elementor-column-gap-default\">\n\t\t\t\t\t<div class=\"elementor-column elementor-col-100 elementor-top-column elementor-element elementor-element-e1423f7\" data-id=\"e1423f7\" data-element_type=\"column\">\n\t\t\t<div class=\"elementor-widget-wrap\">\n\t\t\t\t\t\t\t<\/div>\n\t\t<\/div>\n\t\t\t\t\t<\/div>\n\t\t<\/section>\n\t\t\t\t<\/div>\n\t\t","protected":false},"excerpt":{"rendered":"<p>Porque sabemos o valor de uma alma VER O CURSO Matricule-se agora CETEG Capelania Evang\u00e9lica Carga hor\u00e1ria: 20 h\/a O Aluno poder\u00e1 escolher o hor\u00e1rio que melhor lhe conv\u00e9m &nbsp; Inscreva-se agora Aprendizagem online Desenvolva suas habilidades, aprenda algo novo e desenvolva suas habilidades de qualquer lugar do mundo! Instrutor especialista Acesso por 12 meses <\/p>\n","protected":false},"author":1,"featured_media":0,"parent":0,"menu_order":0,"comment_status":"closed","ping_status":"closed","template":"elementor_header_footer","meta":{"_acf_changed":false,"footnotes":""},"class_list":["post-30","page","type-page","status-publish","hentry"],"acf":[],"_links":{"self":[{"href":"https:\/\/ceteg.org.br\/ceteg-cursos\/wp-json\/wp\/v2\/pages\/30","targetHints":{"allow":["GET"]}}],"collection":[{"href":"https:\/\/ceteg.org.br\/ceteg-cursos\/wp-json\/wp\/v2\/pages"}],"about":[{"href":"https:\/\/ceteg.org.br\/ceteg-cursos\/wp-json\/wp\/v2\/types\/page"}],"author":[{"embeddable":true,"href":"https:\/\/ceteg.org.br\/ceteg-cursos\/wp-json\/wp\/v2\/users\/1"}],"replies":[{"embeddable":true,"href":"https:\/\/ceteg.org.br\/ceteg-cursos\/wp-json\/wp\/v2\/comments?post=30"}],"version-history":[{"count":147,"href":"https:\/\/ceteg.org.br\/ceteg-cursos\/wp-json\/wp\/v2\/pages\/30\/revisions"}],"predecessor-version":[{"id":19422,"href":"https:\/\/ceteg.org.br\/ceteg-cursos\/wp-json\/wp\/v2\/pages\/30\/revisions\/19422"}],"wp:attachment":[{"href":"https:\/\/ceteg.org.br\/ceteg-cursos\/wp-json\/wp\/v2\/media?parent=30"}],"curies":[{"name":"wp","href":"https:\/\/api.w.org\/{rel}","templated":true}]}}